{"id":1087,"date":"2019-09-03T14:40:27","date_gmt":"2019-09-03T14:40:27","guid":{"rendered":"http:\/\/flyautoparking.de.w01d096c.kasserver.com\/cgv\/"},"modified":"2019-09-03T14:40:28","modified_gmt":"2019-09-03T14:40:28","slug":"cgv","status":"publish","type":"page","link":"https:\/\/flyautoparking.de\/fr\/cgv\/","title":{"rendered":"CGV"},"content":{"rendered":"\t\t<div data-elementor-type=\"wp-post\" data-elementor-id=\"1087\" class=\"elementor elementor-1087 elementor-196\" data-elementor-post-type=\"page\">\n\t\t\t\t\t\t\t\t\t<section class=\"elementor-section elementor-top-section elementor-element elementor-element-4c6dacac elementor-section-full_width elementor-section-height-min-height elementor-section-content-bottom elementor-section-height-default elementor-section-items-middle\" data-id=\"4c6dacac\" data-element_type=\"section\" data-settings=\"{&quot;background_background&quot;:&quot;classic&quot;,&quot;background_motion_fx_motion_fx_scrolling&quot;:&quot;yes&quot;,&quot;background_motion_fx_translateY_effect&quot;:&quot;yes&quot;,&quot;background_motion_fx_translateY_direction&quot;:&quot;negative&quot;,&quot;background_motion_fx_translateY_speed&quot;:{&quot;unit&quot;:&quot;px&quot;,&quot;size&quot;:4.20000000000000017763568394002504646778106689453125,&quot;sizes&quot;:[]},&quot;background_motion_fx_translateY_affectedRange&quot;:{&quot;unit&quot;:&quot;%&quot;,&quot;size&quot;:&quot;&quot;,&quot;sizes&quot;:{&quot;start&quot;:0,&quot;end&quot;:100}},&quot;background_motion_fx_devices&quot;:[&quot;desktop&quot;,&quot;tablet&quot;,&quot;mobile&quot;]}\">\n\t\t\t\t\t\t\t<div class=\"elementor-background-overlay\"><\/div>\n\t\t\t\t\t\t\t<div class=\"elementor-container elementor-column-gap-default\">\n\t\t\t\t\t<div class=\"elementor-column elementor-col-100 elementor-top-column elementor-element elementor-element-1fecf3a9\" data-id=\"1fecf3a9\" data-element_type=\"column\">\n\t\t\t<div class=\"elementor-widget-wrap elementor-element-populated\">\n\t\t\t\t\t\t\t\t<div class=\"elementor-element elementor-element-304ba524 elementor-widget elementor-widget-heading\" data-id=\"304ba524\" data-element_type=\"widget\" data-widget_type=\"heading.default\">\n\t\t\t\t<div class=\"elementor-widget-container\">\n\t\t\t<h1 class=\"elementor-heading-title elementor-size-default\">Termes et conditions<\/h1>\t\t<\/div>\n\t\t\t\t<\/div>\n\t\t\t\t<div class=\"elementor-element elementor-element-3e7f0d9e elementor-widget elementor-widget-heading\" data-id=\"3e7f0d9e\" data-element_type=\"widget\" data-widget_type=\"heading.default\">\n\t\t\t\t<div class=\"elementor-widget-container\">\n\t\t\t<h2 class=\"elementor-heading-title elementor-size-default\">Flyautoparking.de<\/h2>\t\t<\/div>\n\t\t\t\t<\/div>\n\t\t\t\t\t<\/div>\n\t\t<\/div>\n\t\t\t\t\t\t\t<\/div>\n\t\t<\/section>\n\t\t\t\t<section class=\"elementor-section elementor-top-section elementor-element elementor-element-53786218 elementor-section-boxed elementor-section-height-default elementor-section-height-default\" data-id=\"53786218\" data-element_type=\"section\" data-settings=\"{&quot;background_background&quot;:&quot;classic&quot;}\">\n\t\t\t\t\t\t<div class=\"elementor-container elementor-column-gap-default\">\n\t\t\t\t\t<div class=\"elementor-column elementor-col-100 elementor-top-column elementor-element elementor-element-587c282f\" data-id=\"587c282f\" data-element_type=\"column\">\n\t\t\t<div class=\"elementor-widget-wrap elementor-element-populated\">\n\t\t\t\t\t\t\t\t<div class=\"elementor-element elementor-element-7056637e elementor-widget elementor-widget-heading\" data-id=\"7056637e\" data-element_type=\"widget\" data-widget_type=\"heading.default\">\n\t\t\t\t<div class=\"elementor-widget-container\">\n\t\t\t<h3 class=\"elementor-heading-title elementor-size-default\"> Reserve maintenant ...<\/h3>\t\t<\/div>\n\t\t\t\t<\/div>\n\t\t\t\t<div class=\"elementor-element elementor-element-5cb3537b elementor-widget elementor-widget-global elementor-global-1002 elementor-widget-shortcode\" data-id=\"5cb3537b\" data-element_type=\"widget\" data-widget_type=\"shortcode.default\">\n\t\t\t\t<div class=\"elementor-widget-container\">\n\t\t\t\t\t<div class=\"elementor-shortcode\"><style type=\"text\/css\">.wpheaf-datetimepicker { margin: 10px; }\r\n.wpheaf-datetimepicker .container-fluid { padding-left: 0px; padding-right: 0px; padding-bottom: 10px; }\r\n.wpheaf-bookingform .scrollable-menu { height: auto; max-height: 200px; overflow-x: hidden; }\r\n.wpheaf-bookingform .wpheaf_sendpart button.btn, .wpheaf-bookingform .wpheaf_airportpart div.dropdown button.btn { width: 100% }\r\n.wpheaf-bookingform .wpheaf_airportpart div.dropdown a { box-shadow: none; }\r\n.wpheaf-bookingform .wpheaf_airportpart div.dropdown .dropdown-header { color: #337ab7; padding-top: 15px; font-weight: bold; font-size: 18px; }\r\n.wpheaf-bookingform .wpheaf_airportpart div.dropdown .dropdown-header:first-child { padding-top: 0px; }\r\n.wpheaf-bookingform .wpheaf_airportpart div.dropdown .btn .caret { margin-left: 10px; }\r\n.wpheaf-bookingform form input {min-height: 40px;}\r\n.wpheaf-bookingform form button.btn {min-height: 40px;}\r\n.wpheaf-bookingform .scrollable-menu {max-height: 300px;}\r\n.wpheaf-bookingform .scrollable-menu {width: 100%;}<\/style><div class=\"wpheaf-bookingform\" data-datefrom=\"27.04.2026 10:00\" data-dateto=\"29.04.2026 10:00\" data-locale=\"fr\" data-couponfld=\"false\" data-airportfld=\"true\" data-value=\"FRA\" data-airportname=\"Frankfurt\/Main (FRA)\"><ul class=\"wpheaf-airportselection\" style=\"display:none;\"><li class=\"dropdown-header\">Unser Standort<\/li><li data-value=\"FRA\"><a href=\"javascript:void(0);\">Frankfurt\/Main (FRA)<\/a><\/li><li class=\"dropdown-header\">Partner in Deutschland<\/li><li data-value=\"SXF\"><a href=\"javascript:void(0);\">Berlin Sch\u00f6nefeld (SXF)<\/a><\/li><li data-value=\"TXL\"><a href=\"javascript:void(0);\">Berlin Tegel (TXL)<\/a><\/li><li data-value=\"BRE\"><a href=\"javascript:void(0);\">Bremen (BRE)<\/a><\/li><li data-value=\"DTM\"><a href=\"javascript:void(0);\">Dortmund (DTM)<\/a><\/li><li data-value=\"DRS\"><a href=\"javascript:void(0);\">Dresden (DRS)<\/a><\/li><li data-value=\"DUS\"><a href=\"javascript:void(0);\">D\u00fcsseldorf (DUS)<\/a><\/li><li data-value=\"ERF\"><a href=\"javascript:void(0);\">Erfurt (ERF)<\/a><\/li><li data-value=\"HHN\"><a href=\"javascript:void(0);\">Frankfurt\/Hahn (HHN)<\/a><\/li><li data-value=\"FRA\"><a href=\"javascript:void(0);\">Frankfurt\/Main (FRA)<\/a><\/li><li data-value=\"HAM\"><a href=\"javascript:void(0);\">Hamburg (HAM)<\/a><\/li><li data-value=\"HAJ\"><a href=\"javascript:void(0);\">Hannover (HAJ)<\/a><\/li><li data-value=\"FKB\"><a href=\"javascript:void(0);\">Karlsruhe Baden-Baden (FKB)<\/a><\/li><li data-value=\"CGN\"><a href=\"javascript:void(0);\">K\u00f6ln (CGN)<\/a><\/li><li data-value=\"LEJ\"><a href=\"javascript:void(0);\">Leipzig (LEJ)<\/a><\/li><li data-value=\"FMM\"><a href=\"javascript:void(0);\">Memmingen (FMM)<\/a><\/li><li data-value=\"MUC\"><a href=\"javascript:void(0);\">M\u00fcnchen (MUC)<\/a><\/li><li data-value=\"NUE\"><a href=\"javascript:void(0);\">N\u00fcrnberg (NUE)<\/a><\/li><li data-value=\"PAD\"><a href=\"javascript:void(0);\">Padeborn (PAD)<\/a><\/li><li data-value=\"RLG\"><a href=\"javascript:void(0);\">Rostock-Laage (RLG)<\/a><\/li><li data-value=\"STR\"><a href=\"javascript:void(0);\">Stuttgart (STR)<\/a><\/li><li data-value=\"NRN\"><a href=\"javascript:void(0);\">Weeze (NRN)<\/a><\/li><li class=\"dropdown-header\">Partner in Europa<\/li><li data-value=\"ALC\"><a href=\"javascript:void(0);\">Alicante (ALC)<\/a><\/li><li data-value=\"AMS\"><a href=\"javascript:void(0);\">Amsterdam (AMS)<\/a><\/li><li data-value=\"BCN\"><a href=\"javascript:void(0);\">Barcelona (BCN)<\/a><\/li><li data-value=\"BRI\"><a href=\"javascript:void(0);\">Bari (BRI)<\/a><\/li><li data-value=\"BSL\"><a href=\"javascript:void(0);\">Basel (BSL)<\/a><\/li><li data-value=\"BGY\"><a href=\"javascript:void(0);\">Bergamo (BGY)<\/a><\/li><li data-value=\"BLQ\"><a href=\"javascript:void(0);\">Bologna (BLQ)<\/a><\/li><li data-value=\"BOD\"><a href=\"javascript:void(0);\">Bordeaux (BOD)<\/a><\/li><li data-value=\"BTS\"><a href=\"javascript:void(0);\">Bratislava (BTS)<\/a><\/li><li data-value=\"BRU\"><a href=\"javascript:void(0);\">Br\u00fcssel (BRU)<\/a><\/li><li data-value=\"CTA\"><a href=\"javascript:void(0);\">Catania (CTA)<\/a><\/li><li data-value=\"CRL\"><a href=\"javascript:void(0);\">Charleroi bei Br\u00fcssel (CRL)<\/a><\/li><li data-value=\"EIN\"><a href=\"javascript:void(0);\">Eindhoven (EIN)<\/a><\/li><li data-value=\"FLR\"><a href=\"javascript:void(0);\">Florenz (FLR)<\/a><\/li><li data-value=\"GOA\"><a href=\"javascript:void(0);\">Genua (GOA)<\/a><\/li><li data-value=\"GVA\"><a href=\"javascript:void(0);\">Genv (GVA)<\/a><\/li><li data-value=\"LYS\"><a href=\"javascript:void(0);\">Lyon (LYS)<\/a><\/li><li data-value=\"LIN\"><a href=\"javascript:void(0);\">Mailand-Linate (LIN)<\/a><\/li><li data-value=\"MXP\"><a href=\"javascript:void(0);\">Maoland Malpensa (MXP)<\/a><\/li><li data-value=\"MRS\"><a href=\"javascript:void(0);\">Marseille (MRS)<\/a><\/li><li data-value=\"NTE\"><a href=\"javascript:void(0);\">Nantes (NTE)<\/a><\/li><li data-value=\"NAP\"><a href=\"javascript:void(0);\">Neapel (NAP)<\/a><\/li><li data-value=\"NCE\"><a href=\"javascript:void(0);\">Nizza (NCE)<\/a><\/li><li data-value=\"CDG\"><a href=\"javascript:void(0);\">Paris Charles de Gaule (CDG)<\/a><\/li><li data-value=\"ORY\"><a href=\"javascript:void(0);\">Paris Orly (ORY)<\/a><\/li><li data-value=\"PSA\"><a href=\"javascript:void(0);\">Pisa (PSA)<\/a><\/li><li data-value=\"PRG\"><a href=\"javascript:void(0);\">Prag (PRG)<\/a><\/li><li data-value=\"FCO\"><a href=\"javascript:void(0);\">Rom Fiumicino (FCO)<\/a><\/li><li data-value=\"RTM\"><a href=\"javascript:void(0);\">Rotterdam (RTM)<\/a><\/li><li data-value=\"SZG\"><a href=\"javascript:void(0);\">Salzburg (SZG)<\/a><\/li><li data-value=\"ARN\"><a href=\"javascript:void(0);\">Stockholm - Arlanda (ARN)<\/a><\/li><li data-value=\"TLS\"><a href=\"javascript:void(0);\">Toulouse (TLS)<\/a><\/li><li data-value=\"TRN\"><a href=\"javascript:void(0);\">Turin (TRN)<\/a><\/li><li data-value=\"VLC\"><a href=\"javascript:void(0);\">Valencia (VLC)<\/a><\/li><li data-value=\"VCE\"><a href=\"javascript:void(0);\">Venedig (VCE)<\/a><\/li><li data-value=\"VRN\"><a href=\"javascript:void(0);\">Verona (VRN)<\/a><\/li><li data-value=\"VIE\"><a href=\"javascript:void(0);\">Wien (VIE)<\/a><\/li><li data-value=\"ZRH\"><a href=\"javascript:void(0);\">Z\u00fcrich (ZRH)<\/a><\/li><\/ul><\/div><\/div>\n\t\t\t\t<\/div>\n\t\t\t\t<\/div>\n\t\t\t\t\t<\/div>\n\t\t<\/div>\n\t\t\t\t\t\t\t<\/div>\n\t\t<\/section>\n\t\t\t\t<section class=\"elementor-section elementor-top-section elementor-element elementor-element-b0915a6 elementor-section-boxed elementor-section-height-default elementor-section-height-default\" data-id=\"b0915a6\" data-element_type=\"section\">\n\t\t\t\t\t\t<div class=\"elementor-container elementor-column-gap-default\">\n\t\t\t\t\t<div class=\"elementor-column elementor-col-100 elementor-top-column elementor-element elementor-element-78e0cf1\" data-id=\"78e0cf1\" data-element_type=\"column\">\n\t\t\t<div class=\"elementor-widget-wrap elementor-element-populated\">\n\t\t\t\t\t\t\t\t<div class=\"elementor-element elementor-element-1ca0d52 elementor-widget elementor-widget-heading\" data-id=\"1ca0d52\" data-element_type=\"widget\" data-widget_type=\"heading.default\">\n\t\t\t\t<div class=\"elementor-widget-container\">\n\t\t\t<h3 class=\"elementor-heading-title elementor-size-default\">Termes et conditions<\/h3>\t\t<\/div>\n\t\t\t\t<\/div>\n\t\t\t\t<div class=\"elementor-element elementor-element-cb165fc elementor-widget elementor-widget-text-editor\" data-id=\"cb165fc\" data-element_type=\"widget\" data-widget_type=\"text-editor.default\">\n\t\t\t\t<div class=\"elementor-widget-container\">\n\t\t\t\t\t\t\t<p>Vous pouvez t\u00e9l\u00e9charger nos conditions g\u00e9n\u00e9rales de vente actuelles au format PDF\u00a0<a href=\"http:\/\/flyautoparking.de\/images\/download\/fly-autoparking-gmbh-agb.pdf\" target=\"_blank\" rel=\"noopener\">ici<\/a>.<\/p>\n<p>Pour ouvrir nos CGV, vous aurez besoin de Acrobat Reader. Si celui-ci n&rsquo;est pas install\u00e9 sur votre ordinateur, vous pouvez le t\u00e9l\u00e9charger directement et gratuitement\u00a0<a href=\"http:\/\/get.adobe.com\/reader\/\" target=\"_blank\" rel=\"noopener\">ici<\/a>\u00a0et l&rsquo;installer.<\/p>\n\t\t\t\t\t\t<\/div>\n\t\t\t\t<\/div>\n\t\t\t\t\t<\/div>\n\t\t<\/div>\n\t\t\t\t\t\t\t<\/div>\n\t\t<\/section>\n\t\t\t\t\t\t\t<\/div>\n\t\t","protected":false},"excerpt":{"rendered":"<p>Termes et conditions Flyautoparking.de Reserve maintenant &#8230; Termes et conditions Vous pouvez t\u00e9l\u00e9charger nos conditions g\u00e9n\u00e9rales de vente actuelles au format PDF\u00a0ici. Pour ouvrir nos CGV, vous aurez besoin de Acrobat Reader. Si celui-ci n&rsquo;est pas install\u00e9 sur votre ordinateur, vous pouvez le t\u00e9l\u00e9charger directement et gratuitement\u00a0ici\u00a0et l&rsquo;installer.<\/p>\n","protected":false},"author":1,"featured_media":0,"parent":0,"menu_order":0,"comment_status":"closed","ping_status":"closed","template":"","meta":{"site-sidebar-layout":"no-sidebar","site-content-layout":"page-builder","ast-site-content-layout":"","site-content-style":"default","site-sidebar-style":"default","ast-global-header-display":"","ast-banner-title-visibility":"","ast-main-header-display":"","ast-hfb-above-header-display":"","ast-hfb-below-header-display":"","ast-hfb-mobile-header-display":"","site-post-title":"disabled","ast-breadcrumbs-content":"","ast-featured-img":"disabled","footer-sml-layout":"","theme-transparent-header-meta":"default","adv-header-id-meta":"","stick-header-meta":"","header-above-stick-meta":"","header-main-stick-meta":"","header-below-stick-meta":"","astra-migrate-meta-layouts":"","ast-page-background-enabled":"default","ast-page-background-meta":{"desktop":{"background-color":"","background-image":"","background-repeat":"repeat","background-position":"center center","background-size":"auto","background-attachment":"scroll","background-type":"","background-media":"","overlay-type":"","overlay-color":"","overlay-gradient":""},"tablet":{"background-color":"","background-image":"","background-repeat":"repeat","background-position":"center center","background-size":"auto","background-attachment":"scroll","background-type":"","background-media":"","overlay-type":"","overlay-color":"","overlay-gradient":""},"mobile":{"background-color":"","background-image":"","background-repeat":"repeat","background-position":"center center","background-size":"auto","background-attachment":"scroll","background-type":"","background-media":"","overlay-type":"","overlay-color":"","overlay-gradient":""}},"ast-content-background-meta":{"desktop":{"background-color":"var(--ast-global-color-5)","background-image":"","background-repeat":"repeat","background-position":"center center","background-size":"auto","background-attachment":"scroll","background-type":"","background-media":"","overlay-type":"","overlay-color":"","overlay-gradient":""},"tablet":{"background-color":"var(--ast-global-color-5)","background-image":"","background-repeat":"repeat","background-position":"center center","background-size":"auto","background-attachment":"scroll","background-type":"","background-media":"","overlay-type":"","overlay-color":"","overlay-gradient":""},"mobile":{"background-color":"var(--ast-global-color-5)","background-image":"","background-repeat":"repeat","background-position":"center center","background-size":"auto","background-attachment":"scroll","background-type":"","background-media":"","overlay-type":"","overlay-color":"","overlay-gradient":""}},"footnotes":""},"yoast_head":"<!-- This site is optimized with the Yoast SEO plugin v21.4 - https:\/\/yoast.com\/wordpress\/plugins\/seo\/ -->\n<title>CGV - Flyautoparking<\/title>\n<meta name=\"description\" content=\"Parking Frankfurt Airport - \u00c9conomisez jusqu&#039;\u00e0 70%. Transfert en seulement 8 minutes. Profitez de notre service &gt;&gt; RESERVEZ ICI\" \/>\n<meta name=\"robots\" content=\"index, follow, max-snippet:-1, max-image-preview:large, max-video-preview:-1\" \/>\n<link rel=\"canonical\" href=\"https:\/\/flyautoparking.de\/fr\/cgv\/\" \/>\n<meta property=\"og:locale\" content=\"fr_FR\" \/>\n<meta property=\"og:type\" content=\"article\" \/>\n<meta property=\"og:title\" content=\"CGV - Flyautoparking\" \/>\n<meta property=\"og:description\" content=\"Parking Frankfurt Airport - \u00c9conomisez jusqu&#039;\u00e0 70%. Transfert en seulement 8 minutes. Profitez de notre service &gt;&gt; RESERVEZ ICI\" \/>\n<meta property=\"og:url\" content=\"https:\/\/flyautoparking.de\/fr\/cgv\/\" \/>\n<meta property=\"og:site_name\" content=\"Flyautoparking\" \/>\n<meta property=\"article:modified_time\" content=\"2019-09-03T14:40:28+00:00\" \/>\n<meta name=\"twitter:card\" content=\"summary_large_image\" \/>\n<script type=\"application\/ld+json\" class=\"yoast-schema-graph\">{\"@context\":\"https:\/\/schema.org\",\"@graph\":[{\"@type\":\"WebPage\",\"@id\":\"https:\/\/flyautoparking.de\/fr\/cgv\/\",\"url\":\"https:\/\/flyautoparking.de\/fr\/cgv\/\",\"name\":\"CGV - Flyautoparking\",\"isPartOf\":{\"@id\":\"https:\/\/flyautoparking.de\/fr\/#website\"},\"datePublished\":\"2019-09-03T14:40:27+00:00\",\"dateModified\":\"2019-09-03T14:40:28+00:00\",\"description\":\"Parking Frankfurt Airport - \u00c9conomisez jusqu'\u00e0 70%. Transfert en seulement 8 minutes. Profitez de notre service >> RESERVEZ ICI\",\"breadcrumb\":{\"@id\":\"https:\/\/flyautoparking.de\/fr\/cgv\/#breadcrumb\"},\"inLanguage\":\"fr-FR\",\"potentialAction\":[{\"@type\":\"ReadAction\",\"target\":[\"https:\/\/flyautoparking.de\/fr\/cgv\/\"]}]},{\"@type\":\"BreadcrumbList\",\"@id\":\"https:\/\/flyautoparking.de\/fr\/cgv\/#breadcrumb\",\"itemListElement\":[{\"@type\":\"ListItem\",\"position\":1,\"name\":\"Startseite\",\"item\":\"https:\/\/flyautoparking.de\/fr\/\"},{\"@type\":\"ListItem\",\"position\":2,\"name\":\"CGV\"}]},{\"@type\":\"WebSite\",\"@id\":\"https:\/\/flyautoparking.de\/fr\/#website\",\"url\":\"https:\/\/flyautoparking.de\/fr\/\",\"name\":\"Flyautoparking\",\"description\":\"Parken Flughafen Frankfurt\",\"publisher\":{\"@id\":\"https:\/\/flyautoparking.de\/fr\/#organization\"},\"potentialAction\":[{\"@type\":\"SearchAction\",\"target\":{\"@type\":\"EntryPoint\",\"urlTemplate\":\"https:\/\/flyautoparking.de\/fr\/?s={search_term_string}\"},\"query-input\":\"required name=search_term_string\"}],\"inLanguage\":\"fr-FR\"},{\"@type\":\"Organization\",\"@id\":\"https:\/\/flyautoparking.de\/fr\/#organization\",\"name\":\"Flyautoparking\",\"url\":\"https:\/\/flyautoparking.de\/fr\/\",\"logo\":{\"@type\":\"ImageObject\",\"inLanguage\":\"fr-FR\",\"@id\":\"https:\/\/flyautoparking.de\/fr\/#\/schema\/logo\/image\/\",\"url\":\"https:\/\/flyautoparking.de\/wp-content\/uploads\/2019\/04\/cropped-FlyAutoParking-Logo-RZ.png\",\"contentUrl\":\"https:\/\/flyautoparking.de\/wp-content\/uploads\/2019\/04\/cropped-FlyAutoParking-Logo-RZ.png\",\"width\":1567,\"height\":757,\"caption\":\"Flyautoparking\"},\"image\":{\"@id\":\"https:\/\/flyautoparking.de\/fr\/#\/schema\/logo\/image\/\"}}]}<\/script>\n<!-- \/ Yoast SEO plugin. -->","yoast_head_json":{"title":"CGV - Flyautoparking","description":"Parking Frankfurt Airport - \u00c9conomisez jusqu'\u00e0 70%. Transfert en seulement 8 minutes. Profitez de notre service >> RESERVEZ ICI","robots":{"index":"index","follow":"follow","max-snippet":"max-snippet:-1","max-image-preview":"max-image-preview:large","max-video-preview":"max-video-preview:-1"},"canonical":"https:\/\/flyautoparking.de\/fr\/cgv\/","og_locale":"fr_FR","og_type":"article","og_title":"CGV - Flyautoparking","og_description":"Parking Frankfurt Airport - \u00c9conomisez jusqu'\u00e0 70%. Transfert en seulement 8 minutes. Profitez de notre service >> RESERVEZ ICI","og_url":"https:\/\/flyautoparking.de\/fr\/cgv\/","og_site_name":"Flyautoparking","article_modified_time":"2019-09-03T14:40:28+00:00","twitter_card":"summary_large_image","schema":{"@context":"https:\/\/schema.org","@graph":[{"@type":"WebPage","@id":"https:\/\/flyautoparking.de\/fr\/cgv\/","url":"https:\/\/flyautoparking.de\/fr\/cgv\/","name":"CGV - Flyautoparking","isPartOf":{"@id":"https:\/\/flyautoparking.de\/fr\/#website"},"datePublished":"2019-09-03T14:40:27+00:00","dateModified":"2019-09-03T14:40:28+00:00","description":"Parking Frankfurt Airport - \u00c9conomisez jusqu'\u00e0 70%. Transfert en seulement 8 minutes. Profitez de notre service >> RESERVEZ ICI","breadcrumb":{"@id":"https:\/\/flyautoparking.de\/fr\/cgv\/#breadcrumb"},"inLanguage":"fr-FR","potentialAction":[{"@type":"ReadAction","target":["https:\/\/flyautoparking.de\/fr\/cgv\/"]}]},{"@type":"BreadcrumbList","@id":"https:\/\/flyautoparking.de\/fr\/cgv\/#breadcrumb","itemListElement":[{"@type":"ListItem","position":1,"name":"Startseite","item":"https:\/\/flyautoparking.de\/fr\/"},{"@type":"ListItem","position":2,"name":"CGV"}]},{"@type":"WebSite","@id":"https:\/\/flyautoparking.de\/fr\/#website","url":"https:\/\/flyautoparking.de\/fr\/","name":"Flyautoparking","description":"Parken Flughafen Frankfurt","publisher":{"@id":"https:\/\/flyautoparking.de\/fr\/#organization"},"potentialAction":[{"@type":"SearchAction","target":{"@type":"EntryPoint","urlTemplate":"https:\/\/flyautoparking.de\/fr\/?s={search_term_string}"},"query-input":"required name=search_term_string"}],"inLanguage":"fr-FR"},{"@type":"Organization","@id":"https:\/\/flyautoparking.de\/fr\/#organization","name":"Flyautoparking","url":"https:\/\/flyautoparking.de\/fr\/","logo":{"@type":"ImageObject","inLanguage":"fr-FR","@id":"https:\/\/flyautoparking.de\/fr\/#\/schema\/logo\/image\/","url":"https:\/\/flyautoparking.de\/wp-content\/uploads\/2019\/04\/cropped-FlyAutoParking-Logo-RZ.png","contentUrl":"https:\/\/flyautoparking.de\/wp-content\/uploads\/2019\/04\/cropped-FlyAutoParking-Logo-RZ.png","width":1567,"height":757,"caption":"Flyautoparking"},"image":{"@id":"https:\/\/flyautoparking.de\/fr\/#\/schema\/logo\/image\/"}}]}},"_links":{"self":[{"href":"https:\/\/flyautoparking.de\/fr\/wp-json\/wp\/v2\/pages\/1087"}],"collection":[{"href":"https:\/\/flyautoparking.de\/fr\/wp-json\/wp\/v2\/pages"}],"about":[{"href":"https:\/\/flyautoparking.de\/fr\/wp-json\/wp\/v2\/types\/page"}],"author":[{"embeddable":true,"href":"https:\/\/flyautoparking.de\/fr\/wp-json\/wp\/v2\/users\/1"}],"replies":[{"embeddable":true,"href":"https:\/\/flyautoparking.de\/fr\/wp-json\/wp\/v2\/comments?post=1087"}],"version-history":[{"count":1,"href":"https:\/\/flyautoparking.de\/fr\/wp-json\/wp\/v2\/pages\/1087\/revisions"}],"predecessor-version":[{"id":1088,"href":"https:\/\/flyautoparking.de\/fr\/wp-json\/wp\/v2\/pages\/1087\/revisions\/1088"}],"wp:attachment":[{"href":"https:\/\/flyautoparking.de\/fr\/wp-json\/wp\/v2\/media?parent=1087"}],"curies":[{"name":"wp","href":"https:\/\/api.w.org\/{rel}","templated":true}]}}